{"id":89,"date":"2023-10-23T10:35:56","date_gmt":"2023-10-23T08:35:56","guid":{"rendered":"http:\/\/fabrykazdrowia.net.pl\/?page_id=89"},"modified":"2023-10-31T09:58:54","modified_gmt":"2023-10-31T08:58:54","slug":"profilaktyka","status":"publish","type":"page","link":"http:\/\/fabrykazdrowia.net.pl\/?page_id=89","title":{"rendered":"Programy profilaktyczne"},"content":{"rendered":"\n<p><strong>Program \u201eRuch Po Zdrowie\u201d<\/strong> to indywidualnie i precyzyjnie dobrany program \u0107wicze\u0144 maj\u0105cy<br>na celu podniesienie wydolno\u015bci i sprawno\u015bci og\u00f3lnej. W trakcie ka\u017cdej pojedynczej sesji<br>treningowej prowadzimy:<br>&#8211; trening kardio, kt\u00f3rego celem jest poprawa wydolno\u015bci,<br>&#8211; trening wytrzyma\u0142o\u015bci mi\u0119\u015bniowej, nastawiony na popraw\u0119 sprawno\u015bci,<br>&#8211; trening mobilno\u015bci, w efekcie kt\u00f3rego uzyskujemy popraw\u0119 elastyczno\u015bci staw\u00f3w i mi\u0119\u015bni.<\/p>\n\n\n\n<p><strong>Na czym polega indywidulanie dobrany i zaplanowany program \u0107wicze\u0144?<\/strong><\/p>\n\n\n\n<p>Plan treningowy uk\u0142adany jest na podstawie przeprowadzanych bada\u0144 i test\u00f3w. Paramenty<br>wyj\u015bciowe obci\u0105\u017cania w treningu kardio: t\u0119tno treningowe oraz obci\u0105\u017cenie (MET lub Wat)<br>dobierane s\u0105 na podstawie przeprowadzonych pr\u00f3b wysi\u0142kowych. Trening wytrzyma\u0142o\u015bci<br>mi\u0119\u015bniowej lub mocy ustalany jest na podstawie test\u00f3w si\u0142y (1 RM lub Wat).<br><br><strong>Co zawiera pakiet i jak jest realizowany?<\/strong><br><br>Pakiet zawiera 15 godzinnych trening\u00f3w z fizjoterapeut\u0105 w cyklu 3 razy w tygodniu oraz:<br>&#8211; wykonanie przez fizjoterapeut\u0119 test\u00f3w wydolno\u015bci, si\u0142y mi\u0119\u015bniowej i gibko\u015bci,<br>&#8211; opiek\u0119 lekarza przez ca\u0142y cykl z monitorowaniem wynik\u00f3w bada\u0144 laboratoryjnych,<br>ci\u015bnienia, EKG, itd. &#8211; dotyczy os\u00f3b, kt\u00f3re s\u0105 w trakcie leczenia internistycznego<br>(nadci\u015bnienie, cukrzyca, podwy\u017cszony cholesterol) lub s\u0105 bezpo\u015brednio po incydencie<br>kardiologicznym lub pulmonologicznym,<br>&#8211; na podstawie wykonanych test\u00f3w i bada\u0144 u\u0142o\u017cenie indywidualnego planu<br>treningowego,<br>&#8211; dwie konsultacje z dietetykiem w cyklu treningowym,<br>&#8211; wykonanie ponowne test\u00f3w na koniec programu z ocen\u0105 uzyskanych wynik\u00f3w.<\/p>\n\n\n\n<p><strong>Jak s\u0105 monitorowane efekty treningowe?<\/strong><br><br>Efekty treningowe oceniane s\u0105 przez wykwalifikowany zesp\u00f3\u0142 ekspert\u00f3w na podstawie<br>wykonanych test\u00f3w przed i po zako\u0144czonym cyklu treningowym.<br>Oceniamy m. in.:<br>&#8211; wydolno\u015b\u0107 tlenow\u0105 VO2max,<br>&#8211; si\u0142\u0119 i wytrzyma\u0142o\u015b\u0107 mi\u0119\u015bniow\u0105,<br>&#8211; gibko\u015b\u0107 cia\u0142a,<br>ale tak\u017ce:<br>&#8211; ci\u015bnienie krwi,<br>&#8211; t\u0119tno spoczynkowe,<br>&#8211; lipidogram,<br>&#8211; poziom cukru,<br>&#8211; BMI,<br>&#8211; analiz\u0119 sk\u0142adu cia\u0142a.<\/p>\n\n\n\n<p><strong>Dla kogo jest ten program?<\/strong><br><br>Program \u201eRuch Po Zdrowie\u201d jest programem profilaktycznym, ale z indywidualnie dobranymi<br>parametrami treningu, co oznacza, \u017ce mo\u017ce z niego skorzysta\u0107 ka\u017cdy, kto chcia\u0142by w<br>bezpieczny spos\u00f3b podnie\u015b\u0107 wydolno\u015b\u0107 i sprawno\u015b\u0107. Rekomendujemy go przede wszystkim<br>osobom po przebytych chorobach i urazach lub choruj\u0105cych przewlekle. Je\u015bli zastanawiasz<br>si\u0119, czy program \u201eRuch Po Zdrowie\u201d jest dla Ciebie \u2013 um\u00f3w si\u0119 na konsultacj\u0119.<br>Czym program \u201eRuch Po Zdrowie\u201d r\u00f3\u017cni si\u0119 od treningu personalnego?<br>Podstawowa r\u00f3\u017cnica polega na tym, \u017ce \u201eRuch Po Zdrowie\u201d to program treningu medycznego<br>a nie sportowego i jest planowany oraz prowadzony przez zesp\u00f3\u0142 medyczny (fizjoterapeuta,<br>lekarz, dietetyk). G\u0142\u00f3wne cele treningowe s\u0105 nastawione na popraw\u0119 zdrowia z<br>uwzgl\u0119dnieniem chor\u00f3b wsp\u00f3\u0142istniej\u0105cych, przebytych uraz\u00f3w i dolegliwo\u015bci b\u00f3lowych.<\/p>\n\n\n\n<p><\/p>\n\n\n\n<p><strong>Program \u201ePracuj bez b\u00f3lu, czuj si\u0119 dobrze\u201d<\/strong><\/p>\n\n\n\n<p>Program szkole\u0144&nbsp;<strong><a href=\"https:\/\/fabrykazdrowia.edu.pl\/doradztwo\/\">\u201epracuj bez b\u00f3lu\u201d<\/a>&nbsp;<\/strong>jest dobierany indywidualnie i uwzgl\u0119dnia m.in.:<\/p>\n\n\n\n<ul class=\"wp-block-list\">\n<li>informacje og\u00f3lne na temat schorze\u0144 mi\u0119\u015bniowo-szkieletowych, w tym: epidemiologi\u0119 i charakterystyk\u0119 typowych objaw\u00f3w b\u00f3lowych;<\/li>\n\n\n\n<li>identyfikacj\u0119 i om\u00f3wienie typowych czynnik\u00f3w ryzyka wywo\u0142uj\u0105cych dolegliwo\u015bci b\u00f3lowe, kt\u00f3re mog\u0105 pojawia\u0107 si\u0119 w zwi\u0105zku z wykonywan\u0105 prac\u0105;<\/li>\n\n\n\n<li>ergonomi\u0119 stanowiska pracy \u2013 od teorii do praktyki, czyli co jest mo\u017cliwe i \u0142atwe do zastosowania na typowym stanowisku pracy;<\/li>\n\n\n\n<li>metody skutecznego zapobiegania i leczenia schorze\u0144 MSD;<\/li>\n\n\n\n<li>nauk\u0119 opracowanego programu \u0107wicze\u0144 profilaktycznych, om\u00f3wienie metodyki i ich wykonania \u2013 w tym warunki bezpiecze\u0144stwa, na co zwraca\u0107 uwag\u0119, jakich efekt\u00f3w mo\u017cna si\u0119 spodziewa\u0107, a kt\u00f3re s\u0105 niepokoj\u0105ce;<\/li>\n\n\n\n<li>panel dyskusyjny.<\/li>\n<\/ul>\n\n\n\n<p>Szkolenia prowadzimy:<\/p>\n\n\n\n<ul class=\"wp-block-list\">\n<li>W formie stacjonarnych, interaktywnych warsztat\u00f3w, w grupach do 30 os\u00f3b. Zalet\u0105 tej formy edukacji jest bezpo\u015bredni kontakt, gdzie opr\u00f3cz przekazywanych tre\u015bci jest mo\u017cliwo\u015b\u0107 \u017cywej dyskusji i \u0107wicze\u0144 praktycznych.<\/li>\n\n\n\n<li>W formule webinarowej czyli on-line. Zalet\u0105 tej formy edukacji jest mo\u017cliwo\u015b\u0107 obj\u0119cia szkoleniem jednorazowo nawet do 500 os\u00f3b \u201ena \u017cywo\u201d. Dodatkowo mo\u017cliwe jest zadawanie pyta\u0144 na czacie, jak r\u00f3wnie\u017c nagranie szkolenia i dowolne jego odtwarzanie, niezale\u017cnie od czasu i liczby uczestnik\u00f3w w trakcie trwania programu.<\/li>\n<\/ul>\n","protected":false},"excerpt":{"rendered":"<p>Program \u201eRuch Po Zdrowie\u201d to indywidualnie i precyzyjnie dobrany program \u0107wicze\u0144 maj\u0105cyna celu podniesienie wydolno\u015bci i sprawno\u015bci og\u00f3lnej. W trakcie &hellip; <\/p>\n","protected":false},"author":1,"featured_media":0,"parent":0,"menu_order":0,"comment_status":"closed","ping_status":"closed","template":"","meta":{"_coachify_sidebar_layout":"","footnotes":""},"class_list":["post-89","page","type-page","status-publish","hentry","image-hover-transition-effect"],"yoast_head":"<!-- This site is optimized with the Yoast SEO plugin v21.4 - https:\/\/yoast.com\/wordpress\/plugins\/seo\/ -->\n<title>Programy profilaktyczne - Fabryka Zdrowia<\/title>\n<meta name=\"description\" content=\"Programy profilaktyczne oferowane w Fabryce Zdrowa. Sprawd\u017a i wybierz program dla siebie. Program \u201eRuch Po Zdrowie\u201d to indywidualnie i precyzyjnie dobrany program \u0107wicze\u0144 maj\u0105cyna celu podniesienie wydolno\u015bci i sprawno\u015bci og\u00f3lnej\" \/>\n<meta name=\"robots\" content=\"index, follow, max-snippet:-1, max-image-preview:large, max-video-preview:-1\" \/>\n<link rel=\"canonical\" href=\"http:\/\/fabrykazdrowia.net.pl\/?page_id=89\" \/>\n<meta property=\"og:locale\" content=\"en_US\" \/>\n<meta property=\"og:type\" content=\"article\" \/>\n<meta property=\"og:title\" content=\"Programy profilaktyczne - Fabryka Zdrowia\" \/>\n<meta property=\"og:description\" content=\"Programy profilaktyczne oferowane w Fabryce Zdrowa. Sprawd\u017a i wybierz program dla siebie. Program \u201eRuch Po Zdrowie\u201d to indywidualnie i precyzyjnie dobrany program \u0107wicze\u0144 maj\u0105cyna celu podniesienie wydolno\u015bci i sprawno\u015bci og\u00f3lnej\" \/>\n<meta property=\"og:url\" content=\"http:\/\/fabrykazdrowia.net.pl\/?page_id=89\" \/>\n<meta property=\"og:site_name\" content=\"Fabryka Zdrowia\" \/>\n<meta property=\"article:publisher\" content=\"https:\/\/www.facebook.com\/FabrykaZdrowiaEW\" \/>\n<meta property=\"article:modified_time\" content=\"2023-10-31T08:58:54+00:00\" \/>\n<meta name=\"twitter:card\" content=\"summary_large_image\" \/>\n<meta name=\"twitter:label1\" content=\"Est. reading time\" \/>\n\t<meta name=\"twitter:data1\" content=\"4 minutes\" \/>\n<script type=\"application\/ld+json\" class=\"yoast-schema-graph\">{\"@context\":\"https:\/\/schema.org\",\"@graph\":[{\"@type\":\"WebPage\",\"@id\":\"http:\/\/fabrykazdrowia.net.pl\/?page_id=89\",\"url\":\"http:\/\/fabrykazdrowia.net.pl\/?page_id=89\",\"name\":\"Programy profilaktyczne - Fabryka Zdrowia\",\"isPartOf\":{\"@id\":\"http:\/\/fabrykazdrowia.net.pl\/#website\"},\"datePublished\":\"2023-10-23T08:35:56+00:00\",\"dateModified\":\"2023-10-31T08:58:54+00:00\",\"description\":\"Programy profilaktyczne oferowane w Fabryce Zdrowa. Sprawd\u017a i wybierz program dla siebie. Program \u201eRuch Po Zdrowie\u201d to indywidualnie i precyzyjnie dobrany program \u0107wicze\u0144 maj\u0105cyna celu podniesienie wydolno\u015bci i sprawno\u015bci og\u00f3lnej\",\"breadcrumb\":{\"@id\":\"http:\/\/fabrykazdrowia.net.pl\/?page_id=89#breadcrumb\"},\"inLanguage\":\"en-US\",\"potentialAction\":[{\"@type\":\"ReadAction\",\"target\":[\"http:\/\/fabrykazdrowia.net.pl\/?page_id=89\"]}]},{\"@type\":\"BreadcrumbList\",\"@id\":\"http:\/\/fabrykazdrowia.net.pl\/?page_id=89#breadcrumb\",\"itemListElement\":[{\"@type\":\"ListItem\",\"position\":1,\"name\":\"Strona g\u0142\u00f3wna\",\"item\":\"http:\/\/fabrykazdrowia.net.pl\/\"},{\"@type\":\"ListItem\",\"position\":2,\"name\":\"Programy profilaktyczne\"}]},{\"@type\":\"WebSite\",\"@id\":\"http:\/\/fabrykazdrowia.net.pl\/#website\",\"url\":\"http:\/\/fabrykazdrowia.net.pl\/\",\"name\":\"Fabryka Zdrowia\",\"description\":\"\",\"publisher\":{\"@id\":\"http:\/\/fabrykazdrowia.net.pl\/#organization\"},\"potentialAction\":[{\"@type\":\"SearchAction\",\"target\":{\"@type\":\"EntryPoint\",\"urlTemplate\":\"http:\/\/fabrykazdrowia.net.pl\/?s={search_term_string}\"},\"query-input\":\"required name=search_term_string\"}],\"inLanguage\":\"en-US\"},{\"@type\":\"Organization\",\"@id\":\"http:\/\/fabrykazdrowia.net.pl\/#organization\",\"name\":\"Fabryka Zdrowia\",\"url\":\"http:\/\/fabrykazdrowia.net.pl\/\",\"logo\":{\"@type\":\"ImageObject\",\"inLanguage\":\"en-US\",\"@id\":\"http:\/\/fabrykazdrowia.net.pl\/#\/schema\/logo\/image\/\",\"url\":\"http:\/\/fabrykazdrowia.net.pl\/wp-content\/uploads\/2023\/08\/cropped-logo-1.jpg\",\"contentUrl\":\"http:\/\/fabrykazdrowia.net.pl\/wp-content\/uploads\/2023\/08\/cropped-logo-1.jpg\",\"width\":614,\"height\":613,\"caption\":\"Fabryka Zdrowia\"},\"image\":{\"@id\":\"http:\/\/fabrykazdrowia.net.pl\/#\/schema\/logo\/image\/\"},\"sameAs\":[\"https:\/\/www.facebook.com\/FabrykaZdrowiaEW\",\"https:\/\/www.instagram.com\/fabryka_zdrowia_rehabilitacja\/\"]}]}<\/script>\n<!-- \/ Yoast SEO plugin. -->","yoast_head_json":{"title":"Programy profilaktyczne - Fabryka Zdrowia","description":"Programy profilaktyczne oferowane w Fabryce Zdrowa. Sprawd\u017a i wybierz program dla siebie. Program \u201eRuch Po Zdrowie\u201d to indywidualnie i precyzyjnie dobrany program \u0107wicze\u0144 maj\u0105cyna celu podniesienie wydolno\u015bci i sprawno\u015bci og\u00f3lnej","robots":{"index":"index","follow":"follow","max-snippet":"max-snippet:-1","max-image-preview":"max-image-preview:large","max-video-preview":"max-video-preview:-1"},"canonical":"http:\/\/fabrykazdrowia.net.pl\/?page_id=89","og_locale":"en_US","og_type":"article","og_title":"Programy profilaktyczne - Fabryka Zdrowia","og_description":"Programy profilaktyczne oferowane w Fabryce Zdrowa. Sprawd\u017a i wybierz program dla siebie. Program \u201eRuch Po Zdrowie\u201d to indywidualnie i precyzyjnie dobrany program \u0107wicze\u0144 maj\u0105cyna celu podniesienie wydolno\u015bci i sprawno\u015bci og\u00f3lnej","og_url":"http:\/\/fabrykazdrowia.net.pl\/?page_id=89","og_site_name":"Fabryka Zdrowia","article_publisher":"https:\/\/www.facebook.com\/FabrykaZdrowiaEW","article_modified_time":"2023-10-31T08:58:54+00:00","twitter_card":"summary_large_image","twitter_misc":{"Est. reading time":"4 minutes"},"schema":{"@context":"https:\/\/schema.org","@graph":[{"@type":"WebPage","@id":"http:\/\/fabrykazdrowia.net.pl\/?page_id=89","url":"http:\/\/fabrykazdrowia.net.pl\/?page_id=89","name":"Programy profilaktyczne - Fabryka Zdrowia","isPartOf":{"@id":"http:\/\/fabrykazdrowia.net.pl\/#website"},"datePublished":"2023-10-23T08:35:56+00:00","dateModified":"2023-10-31T08:58:54+00:00","description":"Programy profilaktyczne oferowane w Fabryce Zdrowa. Sprawd\u017a i wybierz program dla siebie. Program \u201eRuch Po Zdrowie\u201d to indywidualnie i precyzyjnie dobrany program \u0107wicze\u0144 maj\u0105cyna celu podniesienie wydolno\u015bci i sprawno\u015bci og\u00f3lnej","breadcrumb":{"@id":"http:\/\/fabrykazdrowia.net.pl\/?page_id=89#breadcrumb"},"inLanguage":"en-US","potentialAction":[{"@type":"ReadAction","target":["http:\/\/fabrykazdrowia.net.pl\/?page_id=89"]}]},{"@type":"BreadcrumbList","@id":"http:\/\/fabrykazdrowia.net.pl\/?page_id=89#breadcrumb","itemListElement":[{"@type":"ListItem","position":1,"name":"Strona g\u0142\u00f3wna","item":"http:\/\/fabrykazdrowia.net.pl\/"},{"@type":"ListItem","position":2,"name":"Programy profilaktyczne"}]},{"@type":"WebSite","@id":"http:\/\/fabrykazdrowia.net.pl\/#website","url":"http:\/\/fabrykazdrowia.net.pl\/","name":"Fabryka Zdrowia","description":"","publisher":{"@id":"http:\/\/fabrykazdrowia.net.pl\/#organization"},"potentialAction":[{"@type":"SearchAction","target":{"@type":"EntryPoint","urlTemplate":"http:\/\/fabrykazdrowia.net.pl\/?s={search_term_string}"},"query-input":"required name=search_term_string"}],"inLanguage":"en-US"},{"@type":"Organization","@id":"http:\/\/fabrykazdrowia.net.pl\/#organization","name":"Fabryka Zdrowia","url":"http:\/\/fabrykazdrowia.net.pl\/","logo":{"@type":"ImageObject","inLanguage":"en-US","@id":"http:\/\/fabrykazdrowia.net.pl\/#\/schema\/logo\/image\/","url":"http:\/\/fabrykazdrowia.net.pl\/wp-content\/uploads\/2023\/08\/cropped-logo-1.jpg","contentUrl":"http:\/\/fabrykazdrowia.net.pl\/wp-content\/uploads\/2023\/08\/cropped-logo-1.jpg","width":614,"height":613,"caption":"Fabryka Zdrowia"},"image":{"@id":"http:\/\/fabrykazdrowia.net.pl\/#\/schema\/logo\/image\/"},"sameAs":["https:\/\/www.facebook.com\/FabrykaZdrowiaEW","https:\/\/www.instagram.com\/fabryka_zdrowia_rehabilitacja\/"]}]}},"_links":{"self":[{"href":"http:\/\/fabrykazdrowia.net.pl\/index.php?rest_route=\/wp\/v2\/pages\/89","targetHints":{"allow":["GET"]}}],"collection":[{"href":"http:\/\/fabrykazdrowia.net.pl\/index.php?rest_route=\/wp\/v2\/pages"}],"about":[{"href":"http:\/\/fabrykazdrowia.net.pl\/index.php?rest_route=\/wp\/v2\/types\/page"}],"author":[{"embeddable":true,"href":"http:\/\/fabrykazdrowia.net.pl\/index.php?rest_route=\/wp\/v2\/users\/1"}],"replies":[{"embeddable":true,"href":"http:\/\/fabrykazdrowia.net.pl\/index.php?rest_route=%2Fwp%2Fv2%2Fcomments&post=89"}],"version-history":[{"count":2,"href":"http:\/\/fabrykazdrowia.net.pl\/index.php?rest_route=\/wp\/v2\/pages\/89\/revisions"}],"predecessor-version":[{"id":105,"href":"http:\/\/fabrykazdrowia.net.pl\/index.php?rest_route=\/wp\/v2\/pages\/89\/revisions\/105"}],"wp:attachment":[{"href":"http:\/\/fabrykazdrowia.net.pl\/index.php?rest_route=%2Fwp%2Fv2%2Fmedia&parent=89"}],"curies":[{"name":"wp","href":"https:\/\/api.w.org\/{rel}","templated":true}]}}